{"id":2955,"date":"2020-07-27T12:56:19","date_gmt":"2020-07-27T10:56:19","guid":{"rendered":"https:\/\/www.felicitas-werner-egerland-stiftung.de\/?page_id=2955"},"modified":"2026-04-01T15:43:16","modified_gmt":"2026-04-01T13:43:16","slug":"downloads-2","status":"publish","type":"page","link":"https:\/\/www.felicitas-werner-egerland-stiftung.de\/en\/downloads-2\/","title":{"rendered":"Downloads"},"content":{"rendered":"[vc_row][vc_column][vc_column_text]You will find all the important information you need if you would like to submit a funding application to the Felicitas and Werner Egerland Foundation or if your application has been approved:[\/vc_column_text][vc_column_text]\n<h3>DOCUMENTS<\/h3>\n[\/vc_column_text][vc_row_inner][vc_column_inner width=&#8221;1\/3&#8243;]<div id=\"highlight-box-wrap-2708\"  data-ultimate-target='#highlight-box-wrap-2708'  data-responsive-json-new='{\"font-size\":\"desktop:16px;\",\"line-height\":\"\"}'  class=\"ultimate-call-to-action ult-adjust-bottom-margin  ctaction-text-center ult-responsive\" style=\"font-weight:normal;color:#ffffff;background:#3b69af;padding-top:15px;padding-bottom:15px;margin-bottom:15px;\"  data-background=\"#3b69af\"  data-background-hover=\"#467ccc\"  data-override=\"0\" ><div class=\"ultimate-ctaction-icon ctaction-icon-top-push\"><div class=\"ult-just-icon-wrapper  \"><div class=\"align-icon\" style=\"text-align:center;\">\n<div class=\"aio-icon-img \" style=\"font-size:30px;display:inline-block;\" >\n\t<img class=\"img-icon\" alt=\"\" src=\"https:\/\/www.felicitas-werner-egerland-stiftung.de\/wp-content\/uploads\/2020\/07\/Download-2.png\"\/>\n<\/div><\/div><\/div><\/div><div class=\"uvc-ctaction-data uvc-ctaction-data-top-push ult-responsive\">Information concerning data processing<\/div><a class=\"ulimate-call-to-action-link\" href=\"http:\/\/www.felicitas-werner-egerland-stiftung.de\/wp-content\/uploads\/2026\/04\/Egerland_Stiftung_concerning-data-processing_010426.pdf\" target=\"_blank\" rel=\"noopener\" ><\/a><\/div><div id=\"highlight-box-wrap-6099\"  data-ultimate-target='#highlight-box-wrap-6099'  data-responsive-json-new='{\"font-size\":\"desktop:16px;\",\"line-height\":\"\"}'  class=\"ultimate-call-to-action ult-adjust-bottom-margin  ctaction-text-center ult-responsive\" style=\"font-weight:normal;color:#ffffff;background:#3b69af;padding-top:15px;padding-bottom:15px;margin-bottom:15px;\"  data-background=\"#3b69af\"  data-background-hover=\"#467ccc\"  data-override=\"0\" ><div class=\"ultimate-ctaction-icon ctaction-icon-top-push\"><div class=\"ult-just-icon-wrapper  \"><div class=\"align-icon\" style=\"text-align:center;\">\n<div class=\"aio-icon-img \" style=\"font-size:30px;display:inline-block;\" >\n\t<img class=\"img-icon\" alt=\"\" src=\"https:\/\/www.felicitas-werner-egerland-stiftung.de\/wp-content\/uploads\/2020\/07\/Download-2.png\"\/>\n<\/div><\/div><\/div><\/div><div class=\"uvc-ctaction-data uvc-ctaction-data-top-push ult-responsive\">Declaration of consent<\/div><a class=\"ulimate-call-to-action-link\" href=\"http:\/\/www.felicitas-werner-egerland-stiftung.de\/wp-content\/uploads\/2026\/04\/Egerland_Stiftung_Declaration-of-consent_010426.pdf\" target=\"_blank\" rel=\"noopener\" ><\/a><\/div><div id=\"highlight-box-wrap-2602\"  data-ultimate-target='#highlight-box-wrap-2602'  data-responsive-json-new='{\"font-size\":\"desktop:16px;\",\"line-height\":\"\"}'  class=\"ultimate-call-to-action ult-adjust-bottom-margin  ctaction-text-center ult-responsive\" style=\"font-weight:normal;color:#ffffff;background:#3b69af;padding-top:15px;padding-bottom:15px;\"  data-background=\"#3b69af\"  data-background-hover=\"#467ccc\"  data-override=\"0\" ><div class=\"ultimate-ctaction-icon ctaction-icon-top-push\"><div class=\"ult-just-icon-wrapper  \"><div class=\"align-icon\" style=\"text-align:center;\">\n<div class=\"aio-icon-img \" style=\"font-size:30px;display:inline-block;\" >\n\t<img class=\"img-icon\" alt=\"\" src=\"https:\/\/www.felicitas-werner-egerland-stiftung.de\/wp-content\/uploads\/2020\/07\/Download-2.png\"\/>\n<\/div><\/div><\/div><\/div><div class=\"uvc-ctaction-data uvc-ctaction-data-top-push ult-responsive\">Information concerning evidence<\/div><a class=\"ulimate-call-to-action-link\" href=\"http:\/\/www.felicitas-werner-egerland-stiftung.de\/wp-content\/uploads\/2026\/04\/Egerland_Stiftung_Information-concerning-evidence_010426.pdf\" target=\"_blank\" rel=\"noopener\" ><\/a><\/div>[\/vc_column_inner][vc_column_inner width=&#8221;1\/3&#8243;][\/vc_column_inner][vc_column_inner width=&#8221;1\/3&#8243;][\/vc_column_inner][\/vc_row_inner][\/vc_column][\/vc_row][vc_row disable_element=&#8221;yes&#8221;][vc_column width=&#8221;1\/2&#8243;][vc_column_text]Bitte entnehmen Sie alle Informationen \u00fcber unsere Datenschutzrichtlinien diesen Dokumenten.[\/vc_column_text][vc_btn title=&#8221;Hinweise zur Datenverarbeitung&#8221; style=&#8221;flat&#8221; shape=&#8221;square&#8221; color=&#8221;blue&#8221; i_icon_fontawesome=&#8221;fa fa-file-pdf-o&#8221; add_icon=&#8221;true&#8221; link=&#8221;url:https%3A%2F%2Fwww.felicitas-werner-egerland-stiftung.de%2Fwp-content%2Fuploads%2F2019%2F01%2FEgerland_Stiftung_Datenverarbeitung.pdf||target:%20_blank|&#8221;][vc_empty_space height=&#8221;5px&#8221;][vc_btn title=&#8221;Einwilligungserkl\u00e4rung&#8221; style=&#8221;flat&#8221; shape=&#8221;square&#8221; color=&#8221;blue&#8221; i_icon_fontawesome=&#8221;fa fa-file-pdf-o&#8221; add_icon=&#8221;true&#8221; link=&#8221;url:https%3A%2F%2Fwww.felicitas-werner-egerland-stiftung.de%2Fwp-content%2Fuploads%2F2018%2F09%2FEgerland_Stiftung_Einwilligungserklaerung.pdf||target:%20_blank|&#8221;][\/vc_column][vc_column width=&#8221;1\/2&#8243;][vc_column_text]\n<h4>Formulare zum Download<\/h4>\n<p>Wie Sie wissen, ist die Exklusivit\u00e4t in der Projektf\u00f6rderung ein wesentlicher Aspekt unserer F\u00f6rderphilosophie.<br \/>\nDas bedeutet:<br \/>\nWir treten in der Regel ganz bewusst nicht als Co-F\u00f6rderer neben anderen Stiftungen, Sponsoren, etc. auf.<br \/>\nWenn Sie Interesse daran haben, Ihr Projekt mit Hilfe der\u00a0Felicitas und Werner Egerland Stiftung f\u00f6rdern zu lassen und zu verwirklichen,\u00a0sollten Sie zun\u00e4chst unsere Informationsbl\u00e4tter und Formulare beachten, die wir Ihnen\u00a0zum Download zur Verf\u00fcgung stellen.[\/vc_column_text][vc_btn title=&#8221;Finanzierung&#8221; style=&#8221;flat&#8221; shape=&#8221;square&#8221; color=&#8221;blue&#8221; i_icon_fontawesome=&#8221;fa fa-file-pdf-o&#8221; add_icon=&#8221;true&#8221; link=&#8221;url:http%3A%2F%2Fwww.felicitas-werner-egerland-stiftung.de%2Fwp-content%2Fuploads%2F2015%2F07%2FEgerland_Stiftung_Finanzierung.pdf||target:%20_blank|&#8221;][vc_empty_space height=&#8221;5px&#8221;][vc_btn title=&#8221;Antrag F\u00f6rderung&#8221; style=&#8221;flat&#8221; shape=&#8221;square&#8221; color=&#8221;blue&#8221; i_icon_fontawesome=&#8221;fa fa-file-pdf-o&#8221; add_icon=&#8221;true&#8221; link=&#8221;url:https%3A%2F%2Fwww.felicitas-werner-egerland-stiftung.de%2Fwp-content%2Fuploads%2F2019%2F12%2FEgerland_Stiftung_Antrag_Foerderung_2019.pdf||target:%20_blank|&#8221;][vc_empty_space height=&#8221;5px&#8221;][vc_btn title=&#8221;Zusage F\u00f6rderung&#8221; style=&#8221;flat&#8221; shape=&#8221;square&#8221; color=&#8221;blue&#8221; i_icon_fontawesome=&#8221;fa fa-file-pdf-o&#8221; add_icon=&#8221;true&#8221; link=&#8221;url:http%3A%2F%2Fwww.felicitas-werner-egerland-stiftung.de%2Fwp-content%2Fuploads%2F2015%2F07%2FEgerland_Stiftung_Zusage_Foerderung.pdf||target:%20_blank|&#8221;][\/vc_column][\/vc_row]\n","protected":false},"excerpt":{"rendered":"<p>[vc_row][vc_column][vc_column_text]You will find all the important information you need if you would like to submit a funding application to the Felicitas and Werner Egerland Foundation or if your application has been approved:[\/vc_column_text][vc_column_text] DOCUMENTS [\/vc_column_text][vc_row_inner][vc_column_inner width=&#8221;1\/3&#8243;][\/vc_column_inner][vc_column_inner width=&#8221;1\/3&#8243;][\/vc_column_inner][vc_column_inner width=&#8221;1\/3&#8243;][\/vc_column_inner][\/vc_row_inner][\/vc_column][\/vc_row][vc_row disable_element=&#8221;yes&#8221;][vc_column width=&#8221;1\/2&#8243;][vc_column_text]Bitte entnehmen Sie alle Informationen \u00fcber unsere Datenschutzrichtlinien diesen Dokumenten.[\/vc_column_text][vc_btn title=&#8221;Hinweise zur Datenverarbeitung&#8221; style=&#8221;flat&#8221; shape=&#8221;square&#8221; color=&#8221;blue&#8221; i_icon_fontawesome=&#8221;fa fa-file-pdf-o&#8221; add_icon=&#8221;true&#8221; link=&#8221;url:https%3A%2F%2Fwww.felicitas-werner-egerland-stiftung.de%2Fwp-content%2Fuploads%2F2019%2F01%2FEgerland_Stiftung_Datenverarbeitung.pdf||target:%20_blank|&#8221;][vc_empty_space height=&#8221;5px&#8221;][vc_btn title=&#8221;Einwilligungserkl\u00e4rung&#8221; style=&#8221;flat&#8221; shape=&#8221;square&#8221; color=&#8221;blue&#8221; i_icon_fontawesome=&#8221;fa fa-file-pdf-o&#8221; add_icon=&#8221;true&#8221; link=&#8221;url:https%3A%2F%2Fwww.felicitas-werner-egerland-stiftung.de%2Fwp-content%2Fuploads%2F2018%2F09%2FEgerland_Stiftung_Einwilligungserklaerung.pdf||target:%20_blank|&#8221;][\/vc_column][vc_column width=&#8221;1\/2&#8243;][vc_column_text] Formulare zum Download Wie Sie wissen, ist die Exklusivit\u00e4t in der Projektf\u00f6rderung ein wesentlicher Aspekt unserer F\u00f6rderphilosophie. Das bedeutet: Wir treten in der Regel ganz bewusst nicht als Co-F\u00f6rderer neben anderen Stiftungen,<\/p>\n","protected":false},"author":1,"featured_media":0,"parent":0,"menu_order":0,"comment_status":"closed","ping_status":"closed","template":"","meta":[],"_links":{"self":[{"href":"https:\/\/www.felicitas-werner-egerland-stiftung.de\/en\/wp-json\/wp\/v2\/pages\/2955"}],"collection":[{"href":"https:\/\/www.felicitas-werner-egerland-stiftung.de\/en\/wp-json\/wp\/v2\/pages"}],"about":[{"href":"https:\/\/www.felicitas-werner-egerland-stiftung.de\/en\/wp-json\/wp\/v2\/types\/page"}],"author":[{"embeddable":true,"href":"https:\/\/www.felicitas-werner-egerland-stiftung.de\/en\/wp-json\/wp\/v2\/users\/1"}],"replies":[{"embeddable":true,"href":"https:\/\/www.felicitas-werner-egerland-stiftung.de\/en\/wp-json\/wp\/v2\/comments?post=2955"}],"version-history":[{"count":5,"href":"https:\/\/www.felicitas-werner-egerland-stiftung.de\/en\/wp-json\/wp\/v2\/pages\/2955\/revisions"}],"predecessor-version":[{"id":5549,"href":"https:\/\/www.felicitas-werner-egerland-stiftung.de\/en\/wp-json\/wp\/v2\/pages\/2955\/revisions\/5549"}],"wp:attachment":[{"href":"https:\/\/www.felicitas-werner-egerland-stiftung.de\/en\/wp-json\/wp\/v2\/media?parent=2955"}],"curies":[{"name":"wp","href":"https:\/\/api.w.org\/{rel}","templated":true}]}}